{"id":1783,"date":"2020-12-27T20:39:08","date_gmt":"2020-12-27T19:39:08","guid":{"rendered":"https:\/\/wandernmitkrewa.de\/?page_id=1783"},"modified":"2021-06-28T19:50:19","modified_gmt":"2021-06-28T17:50:19","slug":"reiseversicherung-travelsecure","status":"publish","type":"page","link":"https:\/\/wandernmitkrewa.de\/fr\/reiseversicherung-travelsecure\/","title":{"rendered":"Assurance de voyage"},"content":{"rendered":"<div data-elementor-type=\"wp-page\" data-elementor-id=\"1783\" class=\"elementor elementor-1783\">\n\t\t\t\t\t\t<section class=\"elementor-section elementor-top-section elementor-element elementor-element-bef7437 elementor-section-boxed elementor-section-height-default elementor-section-height-default\" data-id=\"bef7437\" data-element_type=\"section\">\n\t\t\t\t\t\t<div class=\"elementor-container elementor-column-gap-default\">\n\t\t\t\t\t<div class=\"elementor-column elementor-col-100 elementor-top-column elementor-element elementor-element-9ec078b\" data-id=\"9ec078b\" data-element_type=\"column\">\n\t\t\t<div class=\"elementor-widget-wrap elementor-element-populated\">\n\t\t\t\t\t\t<div class=\"elementor-element elementor-element-9b891b1 elementor-widget elementor-widget-heading\" data-id=\"9b891b1\" data-element_type=\"widget\" data-widget_type=\"heading.default\">\n\t\t\t\t<div class=\"elementor-widget-container\">\n\t\t\t<h2 class=\"elementor-heading-title elementor-size-default\">voyager en toute s\u00e9curit\u00e9 - votre assurance voyage<\/h2>\t\t<\/div>\n\t\t\t\t<\/div>\n\t\t\t\t<div class=\"elementor-element elementor-element-9775271 elementor-widget elementor-widget-image\" data-id=\"9775271\" data-element_type=\"widget\" data-widget_type=\"image.default\">\n\t\t\t\t<div class=\"elementor-widget-container\">\n\t\t\t\t\t\t\t\t\t\t\t\t\t<img fetchpriority=\"high\" decoding=\"async\" width=\"1088\" height=\"420\" src=\"https:\/\/wandernmitkrewa.de\/wp-content\/uploads\/2020\/12\/travel.jpg\" class=\"attachment-full size-full wp-image-1788\" alt=\"\" srcset=\"https:\/\/wandernmitkrewa.de\/wp-content\/uploads\/2020\/12\/travel.jpg 1088w, https:\/\/wandernmitkrewa.de\/wp-content\/uploads\/2020\/12\/travel-300x116.jpg 300w, https:\/\/wandernmitkrewa.de\/wp-content\/uploads\/2020\/12\/travel-1024x395.jpg 1024w, https:\/\/wandernmitkrewa.de\/wp-content\/uploads\/2020\/12\/travel-768x296.jpg 768w, https:\/\/wandernmitkrewa.de\/wp-content\/uploads\/2020\/12\/travel-16x6.jpg 16w\" sizes=\"(max-width: 1088px) 100vw, 1088px\" \/>\t\t\t\t\t\t\t\t\t\t\t\t\t<\/div>\n\t\t\t\t<\/div>\n\t\t\t\t<div class=\"elementor-element elementor-element-c9e0dd3 elementor-widget elementor-widget-text-editor\" data-id=\"c9e0dd3\" data-element_type=\"widget\" data-widget_type=\"text-editor.default\">\n\t\t\t\t<div class=\"elementor-widget-container\">\n\t\t\t\t\t\t\t<p><a href=\"https:\/\/souscription.assur-travel.fr\/B2C\/souscription-assurance-vt\"><span style=\"font-size: large;\">voyager en toute s\u00e9curit\u00e9 - votre assurance voyage<\/span><\/a><\/p><p align=\"JUSTIFY\" class=\" translation-block\">M\u00eame pendant la plus belle p\u00e9riode de l'ann\u00e9e, il peut se passer beaucoup de choses.\nPour une protection optimale avant et pendant votre voyage, nous vous recommandons de souscrire une assurance.<\/p><p>N'oubliez pas que toutes les prestations d'assurance ne sont pas n\u00e9cessairement incluses dans votre carte de cr\u00e9dit - renseignez-vous au pr\u00e9alable.<\/p><p align=\"JUSTIFY\" class=\" translation-block\">Je vous conseil l'assurance voyage de Assur-Travel. Avec le contrat VOYAGE TOURISTIQUE en formule SUMMUM vous partez tranquille.\nCliquez sur <a href=\"https:\/\/souscription.assur-travel.fr\/B2C\/souscription-assurance-vt\" title=\"ce lien\"> ce lien<\/a> pour avoir toute les renseignements et souscrire votre assurance.<\/p><p align=\"JUSTIFY\"><span style=\"font-family: Microsoft JhengHei, serif;\"><span style=\"font-size: small;\">Cette assurance comprend les garanties suivantes: <\/span><\/span><\/p><p align=\"JUSTIFY\"><span style=\"font-family: Microsoft JhengHei, serif;\"><span style=\"font-size: small;\">L\u2019Assistance avec le rapatriement avec les Frais m\u00e9dicaux \u00e0 l\u2019\u00e9tranger jusqu\u2019\u00e0\n500.000\u20ac\/assur\u00e9, \u00e9pid\u00e9mies\/ pand\u00e9mies incluses<\/span><\/span><\/p><p align=\"JUSTIFY\"><span style=\"font-family: Microsoft JhengHei, serif;\"><span style=\"font-size: small;\">L\u2019assurance annulation-interruption de s\u00e9jour, bagages, retard d\u2019avion<\/span><\/span><\/p><p align=\"JUSTIFY\"><span style=\"font-family: Microsoft JhengHei, serif;\"><span style=\"font-size: small;\">Nouvelles garanties \u00e9pid\u00e9mies\n\nDont la prise en charge jusque 1000\u20ac des billets d\u2019avion en cas de \u00ab retour impossible \u00bb<\/span><\/span><\/p><ul><li><span style=\"font-family: Microsoft JhengHei, serif;\"><span style=\"font-size: small;\"><a href=\"#\">Travelsecure<\/a><br \/><\/span><\/span><\/li><li><a style=\"font-size: 16px;\" href=\"#\"><span style=\"font-family: Microsoft JhengHei, serif;\"><span style=\"font-size: small;\">Assurance de voyage<\/span><\/span><\/a><\/li><li><a href=\"#\"><span style=\"font-family: Microsoft JhengHei, serif;\"><span style=\"font-size: small;\">Vue d'ensemble<\/span><\/span><\/a><\/li><li><a href=\"#\"><span style=\"font-family: Microsoft JhengHei, serif;\"><span style=\"font-size: small;\">Voyage de vacances<\/span><\/span><\/a><\/li><li><a href=\"#\"><span style=\"font-family: Microsoft JhengHei, serif;\"><span style=\"font-size: small;\">Voyage en groupe<\/span><\/span><\/a><\/li><li><span style=\"font-family: Microsoft JhengHei, serif;\"><span style=\"font-size: small;\"><a href=\"#\">Carte de voyage annuelle<\/a><\/span><\/span><\/li><li><a href=\"#\"><span style=\"font-family: Microsoft JhengHei, serif;\"><span style=\"font-size: small;\">Assurance maladie pour les voyages \u00e0 l'\u00e9tranger<\/span><\/span><\/a><\/li><li><a href=\"#\"><span style=\"font-family: Microsoft JhengHei, serif;\"><span style=\"font-size: small;\">Assurance annulation de voyage<\/span><\/span><\/a><\/li><li><a href=\"#\"><span style=\"font-family: Microsoft JhengHei, serif;\"><span style=\"font-size: small;\">Assurance accident de voyage<\/span><\/span><\/a><\/li><li><a href=\"#\"><span style=\"font-family: Microsoft JhengHei, serif;\"><span style=\"font-size: small;\">Assurance randonn\u00e9e &amp; sports de montagne<\/span><\/span><\/a><\/li><li><a href=\"#\"><span style=\"font-family: Microsoft JhengHei, serif;\"><span style=\"font-size: small;\">Lettre de protection Corona<\/span><\/span><\/a><\/li><\/ul>\t\t\t\t\t\t<\/div>\n\t\t\t\t<\/div>\n\t\t\t\t<div class=\"elementor-element elementor-element-45ab706 elementor-widget elementor-widget-button\" data-id=\"45ab706\" data-element_type=\"widget\" data-widget_type=\"button.default\">\n\t\t\t\t<div class=\"elementor-widget-container\">\n\t\t\t\t\t<div class=\"elementor-button-wrapper\">\n\t\t\t<a class=\"elementor-button elementor-button-link elementor-size-sm\" href=\"https:\/\/wandernmitkrewa.de\/inhalt\/uploads\/2021\/07\/Assurance-de-voyage.pdf\">\n\t\t\t\t\t\t<span class=\"elementor-button-content-wrapper\">\n\t\t\t\t\t\t<span class=\"elementor-button-icon elementor-align-icon-left\">\n\t\t\t\t<i aria-hidden=\"true\" class=\"far fa-file-pdf\"><\/i>\t\t\t<\/span>\n\t\t\t\t\t\t<span class=\"elementor-button-text\">T\u00e9l\u00e9charger le PDF<\/span>\n\t\t<\/span>\n\t\t\t\t\t<\/a>\n\t\t<\/div>\n\t\t\t\t<\/div>\n\t\t\t\t<\/div>\n\t\t\t\t\t<\/div>\n\t\t<\/div>\n\t\t\t\t\t<\/div>\n\t\t<\/section>\n\t\t\t\t<\/div>","protected":false},"excerpt":{"rendered":"<p>Reiseversicherung von TravelSecure Reiseversicherungen von TravelSecure Auch in der sch\u00f6nsten Zeit des Jahres kann viel passieren.F\u00fcr einen optimalen Schutz, vor und w\u00e4hrend Ihrer Reise, empfehlen wir eine Versicherung abzuschlie\u00dfen.In Kooperation mit der Travelsecure von der W\u00fcrzburger Vericherungs AG k\u00f6nnen Sie direkt \u00fcber die folgenden Links die f\u00fcr Sie passende Reiseversicherung abschlie\u00dfen. Bedenken Sie, dass bei [&hellip;]<\/p>","protected":false},"author":2,"featured_media":0,"parent":0,"menu_order":0,"comment_status":"closed","ping_status":"closed","template":"","meta":{"site-sidebar-layout":"no-sidebar","site-content-layout":"page-builder","ast-site-content-layout":"","site-content-style":"default","site-sidebar-style":"default","ast-global-header-display":"","ast-banner-title-visibility":"","ast-main-header-display":"","ast-hfb-above-header-display":"","ast-hfb-below-header-display":"","ast-hfb-mobile-header-display":"","site-post-title":"disabled","ast-breadcrumbs-content":"","ast-featured-img":"disabled","footer-sml-layout":"","theme-transparent-header-meta":"default","adv-header-id-meta":"","stick-header-meta":"","header-above-stick-meta":"","header-main-stick-meta":"","header-below-stick-meta":"","astra-migrate-meta-layouts":"default","ast-page-background-enabled":"default","ast-page-background-meta":{"desktop":{"background-color":"","background-image":"","background-repeat":"repeat","background-position":"center center","background-size":"auto","background-attachment":"scroll","background-type":"","background-media":"","overlay-type":"","overlay-color":"","overlay-gradient":""},"tablet":{"background-color":"","background-image":"","background-repeat":"repeat","background-position":"center center","background-size":"auto","background-attachment":"scroll","background-type":"","background-media":"","overlay-type":"","overlay-color":"","overlay-gradient":""},"mobile":{"background-color":"","background-image":"","background-repeat":"repeat","background-position":"center center","background-size":"auto","background-attachment":"scroll","background-type":"","background-media":"","overlay-type":"","overlay-color":"","overlay-gradient":""}},"ast-content-background-meta":{"desktop":{"background-color":"var(--ast-global-color-5)","background-image":"","background-repeat":"repeat","background-position":"center center","background-size":"auto","background-attachment":"scroll","background-type":"","background-media":"","overlay-type":"","overlay-color":"","overlay-gradient":""},"tablet":{"background-color":"var(--ast-global-color-5)","background-image":"","background-repeat":"repeat","background-position":"center center","background-size":"auto","background-attachment":"scroll","background-type":"","background-media":"","overlay-type":"","overlay-color":"","overlay-gradient":""},"mobile":{"background-color":"var(--ast-global-color-5)","background-image":"","background-repeat":"repeat","background-position":"center center","background-size":"auto","background-attachment":"scroll","background-type":"","background-media":"","overlay-type":"","overlay-color":"","overlay-gradient":""}},"footnotes":""},"yoast_head":"<!-- This site is optimized with the Yoast SEO plugin v22.2 - https:\/\/yoast.com\/wordpress\/plugins\/seo\/ -->\n<title>Reiseversicherung - KreWa<\/title>\n<meta name=\"robots\" content=\"index, follow, max-snippet:-1, max-image-preview:large, max-video-preview:-1\" \/>\n<link rel=\"canonical\" href=\"https:\/\/wandernmitkrewa.de\/fr\/reiseversicherung-travelsecure\/\" \/>\n<meta property=\"og:locale\" content=\"fr_FR\" \/>\n<meta property=\"og:type\" content=\"article\" \/>\n<meta property=\"og:title\" content=\"Reiseversicherung - KreWa\" \/>\n<meta property=\"og:description\" content=\"Reiseversicherung von TravelSecure Reiseversicherungen von TravelSecure Auch in der sch\u00f6nsten Zeit des Jahres kann viel passieren.F\u00fcr einen optimalen Schutz, vor und w\u00e4hrend Ihrer Reise, empfehlen wir eine Versicherung abzuschlie\u00dfen.In Kooperation mit der Travelsecure von der W\u00fcrzburger Vericherungs AG k\u00f6nnen Sie direkt \u00fcber die folgenden Links die f\u00fcr Sie passende Reiseversicherung abschlie\u00dfen. Bedenken Sie, dass bei [&hellip;]\" \/>\n<meta property=\"og:url\" content=\"https:\/\/wandernmitkrewa.de\/fr\/reiseversicherung-travelsecure\/\" \/>\n<meta property=\"og:site_name\" content=\"KreWa\" \/>\n<meta property=\"article:modified_time\" content=\"2021-06-28T17:50:19+00:00\" \/>\n<meta property=\"og:image\" content=\"https:\/\/wandernmitkrewa.de\/inhalt\/uploads\/2020\/12\/travel.jpg\" \/>\n<meta name=\"twitter:card\" content=\"summary_large_image\" \/>\n<meta name=\"twitter:label1\" content=\"Dur\u00e9e de lecture estim\u00e9e\" \/>\n\t<meta name=\"twitter:data1\" content=\"2 minutes\" \/>\n<script type=\"application\/ld+json\" class=\"yoast-schema-graph\">{\"@context\":\"https:\/\/schema.org\",\"@graph\":[{\"@type\":\"WebPage\",\"@id\":\"https:\/\/wandernmitkrewa.de\/reiseversicherung-travelsecure\/\",\"url\":\"https:\/\/wandernmitkrewa.de\/reiseversicherung-travelsecure\/\",\"name\":\"Reiseversicherung - KreWa\",\"isPartOf\":{\"@id\":\"https:\/\/wandernmitkrewa.de\/#website\"},\"primaryImageOfPage\":{\"@id\":\"https:\/\/wandernmitkrewa.de\/reiseversicherung-travelsecure\/#primaryimage\"},\"image\":{\"@id\":\"https:\/\/wandernmitkrewa.de\/reiseversicherung-travelsecure\/#primaryimage\"},\"thumbnailUrl\":\"https:\/\/wandernmitkrewa.de\/inhalt\/uploads\/2020\/12\/travel.jpg\",\"datePublished\":\"2020-12-27T19:39:08+00:00\",\"dateModified\":\"2021-06-28T17:50:19+00:00\",\"breadcrumb\":{\"@id\":\"https:\/\/wandernmitkrewa.de\/reiseversicherung-travelsecure\/#breadcrumb\"},\"inLanguage\":\"fr-FR\",\"potentialAction\":[{\"@type\":\"ReadAction\",\"target\":[\"https:\/\/wandernmitkrewa.de\/reiseversicherung-travelsecure\/\"]}]},{\"@type\":\"ImageObject\",\"inLanguage\":\"fr-FR\",\"@id\":\"https:\/\/wandernmitkrewa.de\/reiseversicherung-travelsecure\/#primaryimage\",\"url\":\"https:\/\/wandernmitkrewa.de\/wp-content\/uploads\/2020\/12\/travel.jpg\",\"contentUrl\":\"https:\/\/wandernmitkrewa.de\/wp-content\/uploads\/2020\/12\/travel.jpg\",\"width\":1088,\"height\":420},{\"@type\":\"BreadcrumbList\",\"@id\":\"https:\/\/wandernmitkrewa.de\/reiseversicherung-travelsecure\/#breadcrumb\",\"itemListElement\":[{\"@type\":\"ListItem\",\"position\":1,\"name\":\"Startseite\",\"item\":\"https:\/\/wandernmitkrewa.de\/\"},{\"@type\":\"ListItem\",\"position\":2,\"name\":\"Reiseversicherung\"}]},{\"@type\":\"WebSite\",\"@id\":\"https:\/\/wandernmitkrewa.de\/#website\",\"url\":\"https:\/\/wandernmitkrewa.de\/\",\"name\":\"KreWa\",\"description\":\"Wandern mit KreWa\",\"publisher\":{\"@id\":\"https:\/\/wandernmitkrewa.de\/#organization\"},\"potentialAction\":[{\"@type\":\"SearchAction\",\"target\":{\"@type\":\"EntryPoint\",\"urlTemplate\":\"https:\/\/wandernmitkrewa.de\/?s={search_term_string}\"},\"query-input\":\"required name=search_term_string\"}],\"inLanguage\":\"fr-FR\"},{\"@type\":\"Organization\",\"@id\":\"https:\/\/wandernmitkrewa.de\/#organization\",\"name\":\"KreWa\",\"url\":\"https:\/\/wandernmitkrewa.de\/\",\"logo\":{\"@type\":\"ImageObject\",\"inLanguage\":\"fr-FR\",\"@id\":\"https:\/\/wandernmitkrewa.de\/#\/schema\/logo\/image\/\",\"url\":\"https:\/\/wandernmitkrewa.de\/wp-content\/uploads\/2020\/03\/cropped-Logo_Krewa_RGB_white.png\",\"contentUrl\":\"https:\/\/wandernmitkrewa.de\/wp-content\/uploads\/2020\/03\/cropped-Logo_Krewa_RGB_white.png\",\"width\":820,\"height\":779,\"caption\":\"KreWa\"},\"image\":{\"@id\":\"https:\/\/wandernmitkrewa.de\/#\/schema\/logo\/image\/\"}}]}<\/script>\n<!-- \/ Yoast SEO plugin. -->","yoast_head_json":{"title":"Reiseversicherung - KreWa","robots":{"index":"index","follow":"follow","max-snippet":"max-snippet:-1","max-image-preview":"max-image-preview:large","max-video-preview":"max-video-preview:-1"},"canonical":"https:\/\/wandernmitkrewa.de\/fr\/reiseversicherung-travelsecure\/","og_locale":"fr_FR","og_type":"article","og_title":"Reiseversicherung - KreWa","og_description":"Reiseversicherung von TravelSecure Reiseversicherungen von TravelSecure Auch in der sch\u00f6nsten Zeit des Jahres kann viel passieren.F\u00fcr einen optimalen Schutz, vor und w\u00e4hrend Ihrer Reise, empfehlen wir eine Versicherung abzuschlie\u00dfen.In Kooperation mit der Travelsecure von der W\u00fcrzburger Vericherungs AG k\u00f6nnen Sie direkt \u00fcber die folgenden Links die f\u00fcr Sie passende Reiseversicherung abschlie\u00dfen. Bedenken Sie, dass bei [&hellip;]","og_url":"https:\/\/wandernmitkrewa.de\/fr\/reiseversicherung-travelsecure\/","og_site_name":"KreWa","article_modified_time":"2021-06-28T17:50:19+00:00","og_image":[{"url":"https:\/\/wandernmitkrewa.de\/inhalt\/uploads\/2020\/12\/travel.jpg"}],"twitter_card":"summary_large_image","twitter_misc":{"Dur\u00e9e de lecture estim\u00e9e":"2 minutes"},"schema":{"@context":"https:\/\/schema.org","@graph":[{"@type":"WebPage","@id":"https:\/\/wandernmitkrewa.de\/reiseversicherung-travelsecure\/","url":"https:\/\/wandernmitkrewa.de\/reiseversicherung-travelsecure\/","name":"Reiseversicherung - KreWa","isPartOf":{"@id":"https:\/\/wandernmitkrewa.de\/#website"},"primaryImageOfPage":{"@id":"https:\/\/wandernmitkrewa.de\/reiseversicherung-travelsecure\/#primaryimage"},"image":{"@id":"https:\/\/wandernmitkrewa.de\/reiseversicherung-travelsecure\/#primaryimage"},"thumbnailUrl":"https:\/\/wandernmitkrewa.de\/inhalt\/uploads\/2020\/12\/travel.jpg","datePublished":"2020-12-27T19:39:08+00:00","dateModified":"2021-06-28T17:50:19+00:00","breadcrumb":{"@id":"https:\/\/wandernmitkrewa.de\/reiseversicherung-travelsecure\/#breadcrumb"},"inLanguage":"fr-FR","potentialAction":[{"@type":"ReadAction","target":["https:\/\/wandernmitkrewa.de\/reiseversicherung-travelsecure\/"]}]},{"@type":"ImageObject","inLanguage":"fr-FR","@id":"https:\/\/wandernmitkrewa.de\/reiseversicherung-travelsecure\/#primaryimage","url":"https:\/\/wandernmitkrewa.de\/wp-content\/uploads\/2020\/12\/travel.jpg","contentUrl":"https:\/\/wandernmitkrewa.de\/wp-content\/uploads\/2020\/12\/travel.jpg","width":1088,"height":420},{"@type":"BreadcrumbList","@id":"https:\/\/wandernmitkrewa.de\/reiseversicherung-travelsecure\/#breadcrumb","itemListElement":[{"@type":"ListItem","position":1,"name":"Startseite","item":"https:\/\/wandernmitkrewa.de\/"},{"@type":"ListItem","position":2,"name":"Reiseversicherung"}]},{"@type":"WebSite","@id":"https:\/\/wandernmitkrewa.de\/#website","url":"https:\/\/wandernmitkrewa.de\/","name":"KreWa","description":"Wandern mit KreWa","publisher":{"@id":"https:\/\/wandernmitkrewa.de\/#organization"},"potentialAction":[{"@type":"SearchAction","target":{"@type":"EntryPoint","urlTemplate":"https:\/\/wandernmitkrewa.de\/?s={search_term_string}"},"query-input":"required name=search_term_string"}],"inLanguage":"fr-FR"},{"@type":"Organization","@id":"https:\/\/wandernmitkrewa.de\/#organization","name":"KreWa","url":"https:\/\/wandernmitkrewa.de\/","logo":{"@type":"ImageObject","inLanguage":"fr-FR","@id":"https:\/\/wandernmitkrewa.de\/#\/schema\/logo\/image\/","url":"https:\/\/wandernmitkrewa.de\/wp-content\/uploads\/2020\/03\/cropped-Logo_Krewa_RGB_white.png","contentUrl":"https:\/\/wandernmitkrewa.de\/wp-content\/uploads\/2020\/03\/cropped-Logo_Krewa_RGB_white.png","width":820,"height":779,"caption":"KreWa"},"image":{"@id":"https:\/\/wandernmitkrewa.de\/#\/schema\/logo\/image\/"}}]}},"_links":{"self":[{"href":"https:\/\/wandernmitkrewa.de\/fr\/wp-json\/wp\/v2\/pages\/1783"}],"collection":[{"href":"https:\/\/wandernmitkrewa.de\/fr\/wp-json\/wp\/v2\/pages"}],"about":[{"href":"https:\/\/wandernmitkrewa.de\/fr\/wp-json\/wp\/v2\/types\/page"}],"author":[{"embeddable":true,"href":"https:\/\/wandernmitkrewa.de\/fr\/wp-json\/wp\/v2\/users\/2"}],"replies":[{"embeddable":true,"href":"https:\/\/wandernmitkrewa.de\/fr\/wp-json\/wp\/v2\/comments?post=1783"}],"version-history":[{"count":32,"href":"https:\/\/wandernmitkrewa.de\/fr\/wp-json\/wp\/v2\/pages\/1783\/revisions"}],"predecessor-version":[{"id":2143,"href":"https:\/\/wandernmitkrewa.de\/fr\/wp-json\/wp\/v2\/pages\/1783\/revisions\/2143"}],"wp:attachment":[{"href":"https:\/\/wandernmitkrewa.de\/fr\/wp-json\/wp\/v2\/media?parent=1783"}],"curies":[{"name":"wp","href":"https:\/\/api.w.org\/{rel}","templated":true}]}}